{"id":116,"date":"2017-05-21T18:00:30","date_gmt":"2017-05-21T16:00:30","guid":{"rendered":"http:\/\/loeper-partner.de\/cms\/?page_id=116"},"modified":"2017-05-21T20:33:50","modified_gmt":"2017-05-21T18:33:50","slug":"mandanten","status":"publish","type":"page","link":"https:\/\/loeper-partner.de\/cms\/mandanten\/","title":{"rendered":"Mandanten"},"content":{"rendered":"<p>[et_pb_section bb_built=&#8220;1&#8243; admin_label=&#8220;section&#8220; transparent_background=&#8220;off&#8220; background_color=&#8220;#454d4c&#8220; allow_player_pause=&#8220;off&#8220; inner_shadow=&#8220;off&#8220; parallax=&#8220;off&#8220; parallax_method=&#8220;on&#8220; make_fullwidth=&#8220;off&#8220; use_custom_width=&#8220;off&#8220; width_unit=&#8220;on&#8220; make_equal=&#8220;off&#8220; use_custom_gutter=&#8220;off&#8220;][et_pb_row admin_label=&#8220;row&#8220;][et_pb_column type=&#8220;4_4&#8243;][et_pb_image admin_label=&#8220;Bild&#8220; src=&#8220;http:\/\/loeper-partner.de\/cms\/wp-content\/uploads\/2017\/05\/logoloeperweb2.jpg&#8220; show_in_lightbox=&#8220;off&#8220; url_new_window=&#8220;off&#8220; use_overlay=&#8220;off&#8220; sticky=&#8220;on&#8220; align=&#8220;center&#8220; always_center_on_mobile=&#8220;on&#8220; use_border_color=&#8220;off&#8220; border_color=&#8220;#ffffff&#8220; border_style=&#8220;solid&#8220; max_width=&#8220;900px&#8220; force_fullwidth=&#8220;off&#8220; animation=&#8220;left&#8220; \/][et_pb_image admin_label=&#8220;Bild&#8220; src=&#8220;http:\/\/loeper-partner.de\/cms\/wp-content\/uploads\/2017\/05\/mandant.jpg&#8220; show_in_lightbox=&#8220;off&#8220; url_new_window=&#8220;off&#8220; use_overlay=&#8220;off&#8220; sticky=&#8220;on&#8220; align=&#8220;center&#8220; always_center_on_mobile=&#8220;on&#8220; use_border_color=&#8220;off&#8220; border_color=&#8220;#ffffff&#8220; border_style=&#8220;solid&#8220; max_width=&#8220;900px&#8220; force_fullwidth=&#8220;off&#8220; animation=&#8220;left&#8220; \/][et_pb_text admin_label=&#8220;Text&#8220; background_color=&#8220;#454d4c&#8220; background_layout=&#8220;dark&#8220; text_orientation=&#8220;center&#8220; use_border_color=&#8220;off&#8220; border_color=&#8220;#ffffff&#8220; border_style=&#8220;solid&#8220;]<\/p>\n<p style=\"text-align: center;\">\n<p style=\"text-align: center;\">Zu unseren Mandanten z\u00e4hlen neben Privatkunden vorwiegend Kommunen und<br \/>\nkommunale Betriebe, kirchliche Einrichtungen sowie kleine und mittlere Unternehmen.<br \/>\nWir w\u00fcrden uns freuen, auch Sie bald zu unseren Mandanten z\u00e4hlen zu d\u00fcrfen.<\/p>\n<p>[\/et_pb_text][\/et_pb_column][\/et_pb_row][\/et_pb_section]<\/p>\n","protected":false},"excerpt":{"rendered":"<p>Zu unseren Mandanten z\u00e4hlen neben Privatkunden vorwiegend Kommunen und kommunale Betriebe, kirchliche Einrichtungen sowie kleine und mittlere Unternehmen. Wir w\u00fcrden uns freuen, auch Sie bald zu unseren Mandanten z\u00e4hlen zu d\u00fcrfen.<\/p>\n","protected":false},"author":1,"featured_media":0,"parent":0,"menu_order":0,"comment_status":"closed","ping_status":"closed","template":"","meta":{"_et_pb_use_builder":"on","_et_pb_old_content":"","_et_gb_content_width":""},"_links":{"self":[{"href":"https:\/\/loeper-partner.de\/cms\/wp-json\/wp\/v2\/pages\/116"}],"collection":[{"href":"https:\/\/loeper-partner.de\/cms\/wp-json\/wp\/v2\/pages"}],"about":[{"href":"https:\/\/loeper-partner.de\/cms\/wp-json\/wp\/v2\/types\/page"}],"author":[{"embeddable":true,"href":"https:\/\/loeper-partner.de\/cms\/wp-json\/wp\/v2\/users\/1"}],"replies":[{"embeddable":true,"href":"https:\/\/loeper-partner.de\/cms\/wp-json\/wp\/v2\/comments?post=116"}],"version-history":[{"count":4,"href":"https:\/\/loeper-partner.de\/cms\/wp-json\/wp\/v2\/pages\/116\/revisions"}],"predecessor-version":[{"id":154,"href":"https:\/\/loeper-partner.de\/cms\/wp-json\/wp\/v2\/pages\/116\/revisions\/154"}],"wp:attachment":[{"href":"https:\/\/loeper-partner.de\/cms\/wp-json\/wp\/v2\/media?parent=116"}],"curies":[{"name":"wp","href":"https:\/\/api.w.org\/{rel}","templated":true}]}}