{"id":113,"date":"2017-05-21T17:58:16","date_gmt":"2017-05-21T15:58:16","guid":{"rendered":"http:\/\/loeper-partner.de\/cms\/?page_id=113"},"modified":"2021-05-18T10:40:11","modified_gmt":"2021-05-18T08:40:11","slug":"anwaelte","status":"publish","type":"page","link":"https:\/\/loeper-partner.de\/cms\/anwaelte\/","title":{"rendered":"Anw\u00e4lte"},"content":{"rendered":"<p>[et_pb_section fb_built=&#8220;1&#8243; admin_label=&#8220;section&#8220; _builder_version=&#8220;3.22&#8243; background_color=&#8220;#454d4c&#8220; transparent_background=&#8220;off&#8220; make_fullwidth=&#8220;off&#8220; use_custom_width=&#8220;off&#8220; width_unit=&#8220;on&#8220;][et_pb_row admin_label=&#8220;row&#8220; _builder_version=&#8220;3.25&#8243; background_color=&#8220;#454d4c&#8220; background_size=&#8220;initial&#8220; background_position=&#8220;top_left&#8220; background_repeat=&#8220;repeat&#8220; make_fullwidth=&#8220;off&#8220; use_custom_width=&#8220;off&#8220; width_unit=&#8220;on&#8220;][et_pb_column type=&#8220;4_4&#8243; _builder_version=&#8220;3.25&#8243; custom_padding=&#8220;|||&#8220; custom_padding__hover=&#8220;|||&#8220;][et_pb_image src=&#8220;http:\/\/loeper-partner.de\/cms\/wp-content\/uploads\/2017\/05\/logoloeperweb2.jpg&#8220; show_bottom_space=&#8220;off&#8220; align=&#8220;center&#8220; align_tablet=&#8220;center&#8220; align_last_edited=&#8220;on|desktop&#8220; admin_label=&#8220;Bild&#8220; _builder_version=&#8220;3.23&#8243; max_width=&#8220;900px&#8220; animation_style=&#8220;slide&#8220; animation_direction=&#8220;left&#8220; animation_duration=&#8220;500ms&#8220; animation_intensity_slide=&#8220;10%&#8220; animation=&#8220;left&#8220; sticky=&#8220;on&#8220; use_border_color=&#8220;off&#8220; border_color=&#8220;#ffffff&#8220; border_style=&#8220;solid&#8220; always_center_on_mobile=&#8220;on&#8220;][\/et_pb_image][et_pb_image src=&#8220;http:\/\/loeper-partner.de\/cms\/wp-content\/uploads\/2017\/05\/anwalt.jpg&#8220; show_bottom_space=&#8220;off&#8220; align=&#8220;center&#8220; align_tablet=&#8220;center&#8220; align_last_edited=&#8220;on|desktop&#8220; admin_label=&#8220;Bild&#8220; _builder_version=&#8220;3.23&#8243; max_width=&#8220;900px&#8220; animation_style=&#8220;slide&#8220; animation_direction=&#8220;left&#8220; animation_duration=&#8220;500ms&#8220; animation_intensity_slide=&#8220;10%&#8220; animation=&#8220;left&#8220; sticky=&#8220;on&#8220; use_border_color=&#8220;off&#8220; border_color=&#8220;#ffffff&#8220; border_style=&#8220;solid&#8220; always_center_on_mobile=&#8220;on&#8220;][\/et_pb_image][\/et_pb_column][\/et_pb_row][et_pb_row admin_label=&#8220;Zeile&#8220; _builder_version=&#8220;3.25&#8243; background_size=&#8220;initial&#8220; background_position=&#8220;top_left&#8220; background_repeat=&#8220;repeat&#8220; column_structure=&#8220;1_2,1_2&#8243;][et_pb_column type=&#8220;1_2&#8243; _builder_version=&#8220;3.25&#8243; custom_padding=&#8220;|||&#8220; custom_padding__hover=&#8220;|||&#8220;][et_pb_text admin_label=&#8220;Text&#8220; _builder_version=&#8220;3.26.6&#8243; background_size=&#8220;initial&#8220; background_position=&#8220;top_left&#8220; background_repeat=&#8220;repeat&#8220; background_layout=&#8220;dark&#8220; max_width=&#8220;450px&#8220; custom_margin=&#8220;|||70px&#8220; use_border_color=&#8220;off&#8220; border_color=&#8220;#ffffff&#8220; border_style=&#8220;solid&#8220;]<\/p>\n<p><strong>Markus Grigat<\/strong><\/p>\n<p>Geboren 1973, Studium in Rostock und Br\u00fcssel;<br \/> Rechtsanwalt seit 2000, Fachanwalt f\u00fcr Verwaltungsrecht<br \/> seit 2004.<\/p>\n<p>Mitglied im Fachausschuss Verwaltungsrecht<br \/>Stellv. Vorsitzender des Vereins f\u00fcr Jugend und Technik Suhl e. V.<\/p>\n<p>[\/et_pb_text][\/et_pb_column][et_pb_column type=&#8220;1_2&#8243; _builder_version=&#8220;3.25&#8243; custom_padding=&#8220;|||&#8220; custom_padding__hover=&#8220;|||&#8220;][et_pb_text admin_label=&#8220;Text&#8220; _builder_version=&#8220;3.0.87&#8243; background_size=&#8220;initial&#8220; background_position=&#8220;top_left&#8220; background_repeat=&#8220;repeat&#8220; background_layout=&#8220;dark&#8220; custom_margin=&#8220;|||20px&#8220; use_border_color=&#8220;off&#8220; border_color=&#8220;#ffffff&#8220; border_style=&#8220;solid&#8220;]<strong>Markus Bitto<\/strong><\/p>\n<p>Jahrgang 1975, Studium in Greifswald<br \/>\nRechtsanwalt seit 2002<\/p>\n<p>Gesch\u00e4ftsf\u00fchrer des Dreik\u00f6nigsvereins Neubrandenburg<br \/>\n[\/et_pb_text][\/et_pb_column][\/et_pb_row][\/et_pb_section]<\/p>\n","protected":false},"excerpt":{"rendered":"<p>Markus Grigat Geboren 1973, Studium in Rostock und Br\u00fcssel; Rechtsanwalt seit 2000, Fachanwalt f\u00fcr Verwaltungsrecht seit 2004. Mitglied im Fachausschuss VerwaltungsrechtStellv. Vorsitzender des Vereins f\u00fcr Jugend und Technik Suhl e. V. Markus Bitto Jahrgang 1975, Studium in Greifswald Rechtsanwalt seit 2002 Gesch\u00e4ftsf\u00fchrer des Dreik\u00f6nigsvereins Neubrandenburg<\/p>\n","protected":false},"author":1,"featured_media":0,"parent":0,"menu_order":0,"comment_status":"closed","ping_status":"closed","template":"","meta":{"_et_pb_use_builder":"on","_et_pb_old_content":"","_et_gb_content_width":""},"_links":{"self":[{"href":"https:\/\/loeper-partner.de\/cms\/wp-json\/wp\/v2\/pages\/113"}],"collection":[{"href":"https:\/\/loeper-partner.de\/cms\/wp-json\/wp\/v2\/pages"}],"about":[{"href":"https:\/\/loeper-partner.de\/cms\/wp-json\/wp\/v2\/types\/page"}],"author":[{"embeddable":true,"href":"https:\/\/loeper-partner.de\/cms\/wp-json\/wp\/v2\/users\/1"}],"replies":[{"embeddable":true,"href":"https:\/\/loeper-partner.de\/cms\/wp-json\/wp\/v2\/comments?post=113"}],"version-history":[{"count":11,"href":"https:\/\/loeper-partner.de\/cms\/wp-json\/wp\/v2\/pages\/113\/revisions"}],"predecessor-version":[{"id":189,"href":"https:\/\/loeper-partner.de\/cms\/wp-json\/wp\/v2\/pages\/113\/revisions\/189"}],"wp:attachment":[{"href":"https:\/\/loeper-partner.de\/cms\/wp-json\/wp\/v2\/media?parent=113"}],"curies":[{"name":"wp","href":"https:\/\/api.w.org\/{rel}","templated":true}]}}