{"id":111,"date":"2017-05-21T17:56:45","date_gmt":"2017-05-21T15:56:45","guid":{"rendered":"http:\/\/loeper-partner.de\/cms\/?page_id=111"},"modified":"2017-05-21T20:31:40","modified_gmt":"2017-05-21T18:31:40","slug":"sozietaet","status":"publish","type":"page","link":"https:\/\/loeper-partner.de\/cms\/sozietaet\/","title":{"rendered":"Soziet\u00e4t"},"content":{"rendered":"<p>[et_pb_section bb_built=&#8220;1&#8243; admin_label=&#8220;section&#8220; transparent_background=&#8220;off&#8220; background_color=&#8220;#454d4c&#8220; allow_player_pause=&#8220;off&#8220; inner_shadow=&#8220;off&#8220; parallax=&#8220;off&#8220; parallax_method=&#8220;on&#8220; make_fullwidth=&#8220;off&#8220; use_custom_width=&#8220;off&#8220; width_unit=&#8220;on&#8220; make_equal=&#8220;off&#8220; use_custom_gutter=&#8220;off&#8220;][et_pb_row admin_label=&#8220;row&#8220;][et_pb_column type=&#8220;4_4&#8243;][et_pb_image admin_label=&#8220;Bild&#8220; src=&#8220;http:\/\/loeper-partner.de\/cms\/wp-content\/uploads\/2017\/05\/logoloeperweb2.jpg&#8220; show_in_lightbox=&#8220;off&#8220; url_new_window=&#8220;off&#8220; use_overlay=&#8220;off&#8220; sticky=&#8220;on&#8220; align=&#8220;center&#8220; always_center_on_mobile=&#8220;on&#8220; use_border_color=&#8220;off&#8220; border_color=&#8220;#ffffff&#8220; border_style=&#8220;solid&#8220; max_width=&#8220;900px&#8220; force_fullwidth=&#8220;off&#8220; animation=&#8220;left&#8220; \/][et_pb_image admin_label=&#8220;Bild&#8220; src=&#8220;http:\/\/loeper-partner.de\/cms\/wp-content\/uploads\/2017\/05\/sozi.jpg&#8220; show_in_lightbox=&#8220;off&#8220; url_new_window=&#8220;off&#8220; use_overlay=&#8220;off&#8220; sticky=&#8220;on&#8220; align=&#8220;center&#8220; always_center_on_mobile=&#8220;on&#8220; use_border_color=&#8220;off&#8220; border_color=&#8220;#ffffff&#8220; border_style=&#8220;solid&#8220; max_width=&#8220;900px&#8220; force_fullwidth=&#8220;off&#8220; animation=&#8220;left&#8220; \/][et_pb_text admin_label=&#8220;Text&#8220; background_color=&#8220;#454d4c&#8220; background_layout=&#8220;dark&#8220; text_orientation=&#8220;center&#8220; use_border_color=&#8220;off&#8220; border_color=&#8220;#ffffff&#8220; border_style=&#8220;solid&#8220;]<\/p>\n<p style=\"text-align: center;\">\n<p style=\"text-align: center;\">Eine klassische Soziet\u00e4t, gegr\u00fcndet von unserem ehemaligen<br \/>\nSeniorpartner Peter von Loeper im Jahre 1993.<\/p>\n<p style=\"text-align: center;\">In Zeiten von E-Commerce und Online-Beratung legen wir Wert<br \/>\nauf eine langfristige pers\u00f6nliche Beratung und Betreuung.<br \/>\nUnsere Mandanten sch\u00e4tzen es, \u00fcber Jahre in der Regel den<br \/>\nselben Ansprechpartner zu haben. Ein hoher Anspruch an die<br \/>\nQualit\u00e4t unserer Leistung und eine vertrauensvolle<br \/>\nZusammenarbeit sind f\u00fcr uns selbstverst\u00e4ndlich.<\/p>\n<p>[\/et_pb_text][\/et_pb_column][\/et_pb_row][\/et_pb_section]<\/p>\n","protected":false},"excerpt":{"rendered":"<p>Eine klassische Soziet\u00e4t, gegr\u00fcndet von unserem ehemaligen Seniorpartner Peter von Loeper im Jahre 1993. In Zeiten von E-Commerce und Online-Beratung legen wir Wert auf eine langfristige pers\u00f6nliche Beratung und Betreuung. Unsere Mandanten sch\u00e4tzen es, \u00fcber Jahre in der Regel den selben Ansprechpartner zu haben. Ein hoher Anspruch an die Qualit\u00e4t unserer Leistung und eine vertrauensvolle [&hellip;]<\/p>\n","protected":false},"author":1,"featured_media":0,"parent":0,"menu_order":0,"comment_status":"closed","ping_status":"closed","template":"","meta":{"_et_pb_use_builder":"on","_et_pb_old_content":"","_et_gb_content_width":""},"_links":{"self":[{"href":"https:\/\/loeper-partner.de\/cms\/wp-json\/wp\/v2\/pages\/111"}],"collection":[{"href":"https:\/\/loeper-partner.de\/cms\/wp-json\/wp\/v2\/pages"}],"about":[{"href":"https:\/\/loeper-partner.de\/cms\/wp-json\/wp\/v2\/types\/page"}],"author":[{"embeddable":true,"href":"https:\/\/loeper-partner.de\/cms\/wp-json\/wp\/v2\/users\/1"}],"replies":[{"embeddable":true,"href":"https:\/\/loeper-partner.de\/cms\/wp-json\/wp\/v2\/comments?post=111"}],"version-history":[{"count":4,"href":"https:\/\/loeper-partner.de\/cms\/wp-json\/wp\/v2\/pages\/111\/revisions"}],"predecessor-version":[{"id":152,"href":"https:\/\/loeper-partner.de\/cms\/wp-json\/wp\/v2\/pages\/111\/revisions\/152"}],"wp:attachment":[{"href":"https:\/\/loeper-partner.de\/cms\/wp-json\/wp\/v2\/media?parent=111"}],"curies":[{"name":"wp","href":"https:\/\/api.w.org\/{rel}","templated":true}]}}